{"id":3056,"date":"2023-03-13T17:59:53","date_gmt":"2023-03-13T15:59:53","guid":{"rendered":"https:\/\/homokvarazs.hu\/ujhonlap\/?post_type=product&#038;p=3056"},"modified":"2024-12-13T13:30:20","modified_gmt":"2024-12-13T11:30:20","slug":"kiralyfi","status":"publish","type":"product","link":"https:\/\/homokvarazs.hu\/ujhonlap\/termek\/kiralyfi\/","title":{"rendered":"Kir\u00e1lyfi"},"content":{"rendered":"<p>Kis m\u00e9ret\u0171 grafika, merev kartonlapon.<br \/>\nHomokot nem tartalmaz!<br \/>\nKis m\u00e9ret\u0171 k\u00e9peink 10-es csomagokban rendelhet\u0151ek!<br \/>\nM\u00e9retek:<br \/>\n17,5 cm x 25 cm<\/p>\n","protected":false},"excerpt":{"rendered":"<p>Kis m\u00e9ret\u0171 grafika, merev kartonlapon. Homokot nem tartalmaz! Kis m\u00e9ret\u0171 k\u00e9peink 10-es csomagokban rendelhet\u0151ek! M\u00e9retek: 17,5 cm x 25 cm<\/p>\n","protected":false},"featured_media":3058,"template":"","meta":{"spay_email":""},"product_cat":[126],"product_tag":[],"yoast_head":"<!-- This site is optimized with the Yoast SEO plugin v16.6 - https:\/\/yoast.com\/wordpress\/plugins\/seo\/ -->\n<title>Kir\u00e1lyfi &ndash; Homokvar\u00e1zs<\/title>\n<meta name=\"robots\" content=\"index, follow, max-snippet:-1, max-image-preview:large, max-video-preview:-1\" \/>\n<link rel=\"canonical\" href=\"https:\/\/homokvarazs.hu\/ujhonlap\/termek\/kiralyfi\/\" \/>\n<meta property=\"og:locale\" content=\"hu_HU\" \/>\n<meta property=\"og:type\" content=\"article\" \/>\n<meta property=\"og:title\" content=\"Kir\u00e1lyfi &ndash; Homokvar\u00e1zs\" \/>\n<meta property=\"og:description\" content=\"Kis m\u00e9ret\u0171 grafika, merev kartonlapon. Homokot nem tartalmaz! Kis m\u00e9ret\u0171 k\u00e9peink 10-es csomagokban rendelhet\u0151ek! M\u00e9retek: 17,5 cm x 25 cm\" \/>\n<meta property=\"og:url\" content=\"https:\/\/homokvarazs.hu\/ujhonlap\/termek\/kiralyfi\/\" \/>\n<meta property=\"og:site_name\" content=\"Homokvar\u00e1zs\" \/>\n<meta property=\"article:modified_time\" content=\"2024-12-13T11:30:20+00:00\" \/>\n<meta property=\"og:image\" content=\"https:\/\/homokvarazs.hu\/ujhonlap\/wp-content\/uploads\/2023\/03\/Kiralyfi_2023_kpp-scaled.jpg\" \/>\n\t<meta property=\"og:image:width\" content=\"2560\" \/>\n\t<meta property=\"og:image:height\" content=\"1753\" \/>\n<meta name=\"twitter:card\" content=\"summary_large_image\" \/>\n<meta name=\"twitter:label1\" content=\"Becs\u00fclt olvas\u00e1si id\u0151\" \/>\n\t<meta name=\"twitter:data1\" content=\"1 perc\" \/>\n<script type=\"application\/ld+json\" class=\"yoast-schema-graph\">{\"@context\":\"https:\/\/schema.org\",\"@graph\":[{\"@type\":\"Organization\",\"@id\":\"https:\/\/homokvarazs.hu\/ujhonlap\/#organization\",\"name\":\"Homokvar\\u00e1zs\",\"url\":\"https:\/\/homokvarazs.hu\/ujhonlap\/\",\"sameAs\":[],\"logo\":{\"@type\":\"ImageObject\",\"@id\":\"https:\/\/homokvarazs.hu\/ujhonlap\/#logo\",\"inLanguage\":\"hu\",\"url\":\"https:\/\/homokvarazs.hu\/ujhonlap\/wp-content\/uploads\/2021\/01\/homokvarazs-21.png\",\"contentUrl\":\"https:\/\/homokvarazs.hu\/ujhonlap\/wp-content\/uploads\/2021\/01\/homokvarazs-21.png\",\"width\":583,\"height\":265,\"caption\":\"Homokvar\\u00e1zs\"},\"image\":{\"@id\":\"https:\/\/homokvarazs.hu\/ujhonlap\/#logo\"}},{\"@type\":\"WebSite\",\"@id\":\"https:\/\/homokvarazs.hu\/ujhonlap\/#website\",\"url\":\"https:\/\/homokvarazs.hu\/ujhonlap\/\",\"name\":\"Homokvar\\u00e1zs\",\"description\":\"Homokvar\\u00e1zs\",\"publisher\":{\"@id\":\"https:\/\/homokvarazs.hu\/ujhonlap\/#organization\"},\"potentialAction\":[{\"@type\":\"SearchAction\",\"target\":{\"@type\":\"EntryPoint\",\"urlTemplate\":\"https:\/\/homokvarazs.hu\/ujhonlap\/?s={search_term_string}\"},\"query-input\":\"required name=search_term_string\"}],\"inLanguage\":\"hu\"},{\"@type\":\"ImageObject\",\"@id\":\"https:\/\/homokvarazs.hu\/ujhonlap\/termek\/kiralyfi\/#primaryimage\",\"inLanguage\":\"hu\",\"url\":\"https:\/\/homokvarazs.hu\/ujhonlap\/wp-content\/uploads\/2023\/03\/Kiralyfi_2023_kpp-scaled.jpg\",\"contentUrl\":\"https:\/\/homokvarazs.hu\/ujhonlap\/wp-content\/uploads\/2023\/03\/Kiralyfi_2023_kpp-scaled.jpg\",\"width\":2560,\"height\":1753,\"caption\":\"BK230124\"},{\"@type\":\"WebPage\",\"@id\":\"https:\/\/homokvarazs.hu\/ujhonlap\/termek\/kiralyfi\/#webpage\",\"url\":\"https:\/\/homokvarazs.hu\/ujhonlap\/termek\/kiralyfi\/\",\"name\":\"Kir\\u00e1lyfi &ndash; Homokvar\\u00e1zs\",\"isPartOf\":{\"@id\":\"https:\/\/homokvarazs.hu\/ujhonlap\/#website\"},\"primaryImageOfPage\":{\"@id\":\"https:\/\/homokvarazs.hu\/ujhonlap\/termek\/kiralyfi\/#primaryimage\"},\"datePublished\":\"2023-03-13T15:59:53+00:00\",\"dateModified\":\"2024-12-13T11:30:20+00:00\",\"breadcrumb\":{\"@id\":\"https:\/\/homokvarazs.hu\/ujhonlap\/termek\/kiralyfi\/#breadcrumb\"},\"inLanguage\":\"hu\",\"potentialAction\":[{\"@type\":\"ReadAction\",\"target\":[\"https:\/\/homokvarazs.hu\/ujhonlap\/termek\/kiralyfi\/\"]}]},{\"@type\":\"BreadcrumbList\",\"@id\":\"https:\/\/homokvarazs.hu\/ujhonlap\/termek\/kiralyfi\/#breadcrumb\",\"itemListElement\":[{\"@type\":\"ListItem\",\"position\":1,\"name\":\"Kezd\\u0151lap\",\"item\":\"https:\/\/homokvarazs.hu\/ujhonlap\/\"},{\"@type\":\"ListItem\",\"position\":2,\"name\":\"Shop\",\"item\":\"https:\/\/homokvarazs.hu\/ujhonlap\/shop\/\"},{\"@type\":\"ListItem\",\"position\":3,\"name\":\"Kir\\u00e1lyfi\"}]}]}<\/script>\n<!-- \/ Yoast SEO plugin. -->","_links":{"self":[{"href":"https:\/\/homokvarazs.hu\/ujhonlap\/wp-json\/wp\/v2\/product\/3056"}],"collection":[{"href":"https:\/\/homokvarazs.hu\/ujhonlap\/wp-json\/wp\/v2\/product"}],"about":[{"href":"https:\/\/homokvarazs.hu\/ujhonlap\/wp-json\/wp\/v2\/types\/product"}],"wp:featuredmedia":[{"embeddable":true,"href":"https:\/\/homokvarazs.hu\/ujhonlap\/wp-json\/wp\/v2\/media\/3058"}],"wp:attachment":[{"href":"https:\/\/homokvarazs.hu\/ujhonlap\/wp-json\/wp\/v2\/media?parent=3056"}],"wp:term":[{"taxonomy":"product_cat","embeddable":true,"href":"https:\/\/homokvarazs.hu\/ujhonlap\/wp-json\/wp\/v2\/product_cat?post=3056"},{"taxonomy":"product_tag","embeddable":true,"href":"https:\/\/homokvarazs.hu\/ujhonlap\/wp-json\/wp\/v2\/product_tag?post=3056"}],"curies":[{"name":"wp","href":"https:\/\/api.w.org\/{rel}","templated":true}]}}