{"id":2989,"date":"2022-07-20T12:57:04","date_gmt":"2022-07-20T10:57:04","guid":{"rendered":"https:\/\/homokvarazs.hu\/ujhonlap\/?post_type=product&#038;p=2989"},"modified":"2025-02-28T09:09:00","modified_gmt":"2025-02-28T07:09:00","slug":"kis-kepkeret-papirbol-homokvarazs-mintaval","status":"publish","type":"product","link":"https:\/\/homokvarazs.hu\/ujhonlap\/termek\/kis-kepkeret-papirbol-homokvarazs-mintaval\/","title":{"rendered":"Kis k\u00e9pkeret pap\u00edrb\u00f3l homokvar\u00e1zs mint\u00e1val v\u00e9d\u0151 f\u00f3li\u00e1val"},"content":{"rendered":"<p>A kis k\u00e9pekhez m\u00e9retben ill\u0151 homokvar\u00e1zs mint\u00e1j\u00fa k\u00e9pkeret.<\/p>\n<p>M\u00e9rete: 18,5 cm x 26,0 cm<\/p>\n","protected":false},"excerpt":{"rendered":"<p>A kis k\u00e9pekhez m\u00e9retben ill\u0151 homokvar\u00e1zs mint\u00e1j\u00fa k\u00e9pkeret. M\u00e9rete: 18,5 cm x 26,0 cm<\/p>\n","protected":false},"featured_media":2990,"template":"","meta":{"spay_email":""},"product_cat":[130],"product_tag":[],"yoast_head":"<!-- This site is optimized with the Yoast SEO plugin v16.6 - https:\/\/yoast.com\/wordpress\/plugins\/seo\/ -->\n<title>Kis k\u00e9pkeret pap\u00edrb\u00f3l homokvar\u00e1zs mint\u00e1val v\u00e9d\u0151 f\u00f3li\u00e1val &ndash; Homokvar\u00e1zs<\/title>\n<meta name=\"robots\" content=\"index, follow, max-snippet:-1, max-image-preview:large, max-video-preview:-1\" \/>\n<link rel=\"canonical\" href=\"https:\/\/homokvarazs.hu\/ujhonlap\/termek\/kis-kepkeret-papirbol-homokvarazs-mintaval\/\" \/>\n<meta property=\"og:locale\" content=\"hu_HU\" \/>\n<meta property=\"og:type\" content=\"article\" \/>\n<meta property=\"og:title\" content=\"Kis k\u00e9pkeret pap\u00edrb\u00f3l homokvar\u00e1zs mint\u00e1val v\u00e9d\u0151 f\u00f3li\u00e1val &ndash; Homokvar\u00e1zs\" \/>\n<meta property=\"og:description\" content=\"A kis k\u00e9pekhez m\u00e9retben ill\u0151 homokvar\u00e1zs mint\u00e1j\u00fa k\u00e9pkeret. M\u00e9rete: 18,5 cm x 26,0 cm\" \/>\n<meta property=\"og:url\" content=\"https:\/\/homokvarazs.hu\/ujhonlap\/termek\/kis-kepkeret-papirbol-homokvarazs-mintaval\/\" \/>\n<meta property=\"og:site_name\" content=\"Homokvar\u00e1zs\" \/>\n<meta property=\"article:modified_time\" content=\"2025-02-28T07:09:00+00:00\" \/>\n<meta property=\"og:image\" content=\"https:\/\/homokvarazs.hu\/ujhonlap\/wp-content\/uploads\/2022\/07\/homokkep-a5-kutya-scaled.jpg\" \/>\n\t<meta property=\"og:image:width\" content=\"2560\" \/>\n\t<meta property=\"og:image:height\" content=\"2560\" \/>\n<meta name=\"twitter:card\" content=\"summary_large_image\" \/>\n<meta name=\"twitter:label1\" content=\"Becs\u00fclt olvas\u00e1si id\u0151\" \/>\n\t<meta name=\"twitter:data1\" content=\"1 perc\" \/>\n<script type=\"application\/ld+json\" class=\"yoast-schema-graph\">{\"@context\":\"https:\/\/schema.org\",\"@graph\":[{\"@type\":\"Organization\",\"@id\":\"https:\/\/homokvarazs.hu\/ujhonlap\/#organization\",\"name\":\"Homokvar\\u00e1zs\",\"url\":\"https:\/\/homokvarazs.hu\/ujhonlap\/\",\"sameAs\":[],\"logo\":{\"@type\":\"ImageObject\",\"@id\":\"https:\/\/homokvarazs.hu\/ujhonlap\/#logo\",\"inLanguage\":\"hu\",\"url\":\"https:\/\/homokvarazs.hu\/ujhonlap\/wp-content\/uploads\/2021\/01\/homokvarazs-21.png\",\"contentUrl\":\"https:\/\/homokvarazs.hu\/ujhonlap\/wp-content\/uploads\/2021\/01\/homokvarazs-21.png\",\"width\":583,\"height\":265,\"caption\":\"Homokvar\\u00e1zs\"},\"image\":{\"@id\":\"https:\/\/homokvarazs.hu\/ujhonlap\/#logo\"}},{\"@type\":\"WebSite\",\"@id\":\"https:\/\/homokvarazs.hu\/ujhonlap\/#website\",\"url\":\"https:\/\/homokvarazs.hu\/ujhonlap\/\",\"name\":\"Homokvar\\u00e1zs\",\"description\":\"Homokvar\\u00e1zs\",\"publisher\":{\"@id\":\"https:\/\/homokvarazs.hu\/ujhonlap\/#organization\"},\"potentialAction\":[{\"@type\":\"SearchAction\",\"target\":{\"@type\":\"EntryPoint\",\"urlTemplate\":\"https:\/\/homokvarazs.hu\/ujhonlap\/?s={search_term_string}\"},\"query-input\":\"required name=search_term_string\"}],\"inLanguage\":\"hu\"},{\"@type\":\"ImageObject\",\"@id\":\"https:\/\/homokvarazs.hu\/ujhonlap\/termek\/kis-kepkeret-papirbol-homokvarazs-mintaval\/#primaryimage\",\"inLanguage\":\"hu\",\"url\":\"https:\/\/homokvarazs.hu\/ujhonlap\/wp-content\/uploads\/2022\/07\/homokkep-a5-kutya-scaled.jpg\",\"contentUrl\":\"https:\/\/homokvarazs.hu\/ujhonlap\/wp-content\/uploads\/2022\/07\/homokkep-a5-kutya-scaled.jpg\",\"width\":2560,\"height\":2560},{\"@type\":\"WebPage\",\"@id\":\"https:\/\/homokvarazs.hu\/ujhonlap\/termek\/kis-kepkeret-papirbol-homokvarazs-mintaval\/#webpage\",\"url\":\"https:\/\/homokvarazs.hu\/ujhonlap\/termek\/kis-kepkeret-papirbol-homokvarazs-mintaval\/\",\"name\":\"Kis k\\u00e9pkeret pap\\u00edrb\\u00f3l homokvar\\u00e1zs mint\\u00e1val v\\u00e9d\\u0151 f\\u00f3li\\u00e1val &ndash; Homokvar\\u00e1zs\",\"isPartOf\":{\"@id\":\"https:\/\/homokvarazs.hu\/ujhonlap\/#website\"},\"primaryImageOfPage\":{\"@id\":\"https:\/\/homokvarazs.hu\/ujhonlap\/termek\/kis-kepkeret-papirbol-homokvarazs-mintaval\/#primaryimage\"},\"datePublished\":\"2022-07-20T10:57:04+00:00\",\"dateModified\":\"2025-02-28T07:09:00+00:00\",\"breadcrumb\":{\"@id\":\"https:\/\/homokvarazs.hu\/ujhonlap\/termek\/kis-kepkeret-papirbol-homokvarazs-mintaval\/#breadcrumb\"},\"inLanguage\":\"hu\",\"potentialAction\":[{\"@type\":\"ReadAction\",\"target\":[\"https:\/\/homokvarazs.hu\/ujhonlap\/termek\/kis-kepkeret-papirbol-homokvarazs-mintaval\/\"]}]},{\"@type\":\"BreadcrumbList\",\"@id\":\"https:\/\/homokvarazs.hu\/ujhonlap\/termek\/kis-kepkeret-papirbol-homokvarazs-mintaval\/#breadcrumb\",\"itemListElement\":[{\"@type\":\"ListItem\",\"position\":1,\"name\":\"Kezd\\u0151lap\",\"item\":\"https:\/\/homokvarazs.hu\/ujhonlap\/\"},{\"@type\":\"ListItem\",\"position\":2,\"name\":\"Shop\",\"item\":\"https:\/\/homokvarazs.hu\/ujhonlap\/shop\/\"},{\"@type\":\"ListItem\",\"position\":3,\"name\":\"Kis k\\u00e9pkeret pap\\u00edrb\\u00f3l homokvar\\u00e1zs mint\\u00e1val v\\u00e9d\\u0151 f\\u00f3li\\u00e1val\"}]}]}<\/script>\n<!-- \/ Yoast SEO plugin. -->","_links":{"self":[{"href":"https:\/\/homokvarazs.hu\/ujhonlap\/wp-json\/wp\/v2\/product\/2989"}],"collection":[{"href":"https:\/\/homokvarazs.hu\/ujhonlap\/wp-json\/wp\/v2\/product"}],"about":[{"href":"https:\/\/homokvarazs.hu\/ujhonlap\/wp-json\/wp\/v2\/types\/product"}],"wp:featuredmedia":[{"embeddable":true,"href":"https:\/\/homokvarazs.hu\/ujhonlap\/wp-json\/wp\/v2\/media\/2990"}],"wp:attachment":[{"href":"https:\/\/homokvarazs.hu\/ujhonlap\/wp-json\/wp\/v2\/media?parent=2989"}],"wp:term":[{"taxonomy":"product_cat","embeddable":true,"href":"https:\/\/homokvarazs.hu\/ujhonlap\/wp-json\/wp\/v2\/product_cat?post=2989"},{"taxonomy":"product_tag","embeddable":true,"href":"https:\/\/homokvarazs.hu\/ujhonlap\/wp-json\/wp\/v2\/product_tag?post=2989"}],"curies":[{"name":"wp","href":"https:\/\/api.w.org\/{rel}","templated":true}]}}