{"id":2500,"date":"2021-01-14T11:51:39","date_gmt":"2021-01-14T09:51:39","guid":{"rendered":"https:\/\/homokvarazs.hu\/ujhonlap\/?post_type=product&#038;p=2500"},"modified":"2024-12-13T13:56:24","modified_gmt":"2024-12-13T11:56:24","slug":"kacsa-ulo-2","status":"publish","type":"product","link":"https:\/\/homokvarazs.hu\/ujhonlap\/termek\/kacsa-ulo-2\/","title":{"rendered":"Kacsa \u0170l\u0151 csomagolt"},"content":{"rendered":"<p>A homok k\u00e9pet egy csomagban kapja, 6 csomag finom szemcs\u00e9s, k\u00fcl\u00f6nb\u00f6z\u0151 sz\u00edn\u0171 homokkal, amely az eg\u00e9szs\u00e9gre \u00e1rtalmatlan.<\/p>\n<p>K\u00e9pform\u00e1tum: 174 x 247 mm<\/p>\n","protected":false},"excerpt":{"rendered":"<p>A homok k\u00e9pet egy csomagban kapja, 6 csomag finom szemcs\u00e9s, k\u00fcl\u00f6nb\u00f6z\u0151 sz\u00edn\u0171 homokkal, amely az eg\u00e9szs\u00e9gre \u00e1rtalmatlan. K\u00e9pform\u00e1tum: 174 x 247 mm<\/p>\n","protected":false},"featured_media":2501,"template":"","meta":{"spay_email":""},"product_cat":[140],"product_tag":[],"yoast_head":"<!-- This site is optimized with the Yoast SEO plugin v16.6 - https:\/\/yoast.com\/wordpress\/plugins\/seo\/ -->\n<title>Kacsa \u0170l\u0151 csomagolt &ndash; Homokvar\u00e1zs<\/title>\n<meta name=\"robots\" content=\"index, follow, max-snippet:-1, max-image-preview:large, max-video-preview:-1\" \/>\n<link rel=\"canonical\" href=\"https:\/\/homokvarazs.hu\/ujhonlap\/termek\/kacsa-ulo-2\/\" \/>\n<meta property=\"og:locale\" content=\"hu_HU\" \/>\n<meta property=\"og:type\" content=\"article\" \/>\n<meta property=\"og:title\" content=\"Kacsa \u0170l\u0151 csomagolt &ndash; Homokvar\u00e1zs\" \/>\n<meta property=\"og:description\" content=\"A homok k\u00e9pet egy csomagban kapja, 6 csomag finom szemcs\u00e9s, k\u00fcl\u00f6nb\u00f6z\u0151 sz\u00edn\u0171 homokkal, amely az eg\u00e9szs\u00e9gre \u00e1rtalmatlan. K\u00e9pform\u00e1tum: 174 x 247 mm\" \/>\n<meta property=\"og:url\" content=\"https:\/\/homokvarazs.hu\/ujhonlap\/termek\/kacsa-ulo-2\/\" \/>\n<meta property=\"og:site_name\" content=\"Homokvar\u00e1zs\" \/>\n<meta property=\"article:modified_time\" content=\"2024-12-13T11:56:24+00:00\" \/>\n<meta property=\"og:image\" content=\"https:\/\/homokvarazs.hu\/ujhonlap\/wp-content\/uploads\/2021\/01\/23-Kacsa-ulo.jpg\" \/>\n\t<meta property=\"og:image:width\" content=\"1780\" \/>\n\t<meta property=\"og:image:height\" content=\"928\" \/>\n<meta name=\"twitter:card\" content=\"summary_large_image\" \/>\n<script type=\"application\/ld+json\" class=\"yoast-schema-graph\">{\"@context\":\"https:\/\/schema.org\",\"@graph\":[{\"@type\":\"Organization\",\"@id\":\"https:\/\/homokvarazs.hu\/ujhonlap\/#organization\",\"name\":\"Homokvar\\u00e1zs\",\"url\":\"https:\/\/homokvarazs.hu\/ujhonlap\/\",\"sameAs\":[],\"logo\":{\"@type\":\"ImageObject\",\"@id\":\"https:\/\/homokvarazs.hu\/ujhonlap\/#logo\",\"inLanguage\":\"hu\",\"url\":\"https:\/\/homokvarazs.hu\/ujhonlap\/wp-content\/uploads\/2021\/01\/homokvarazs-21.png\",\"contentUrl\":\"https:\/\/homokvarazs.hu\/ujhonlap\/wp-content\/uploads\/2021\/01\/homokvarazs-21.png\",\"width\":583,\"height\":265,\"caption\":\"Homokvar\\u00e1zs\"},\"image\":{\"@id\":\"https:\/\/homokvarazs.hu\/ujhonlap\/#logo\"}},{\"@type\":\"WebSite\",\"@id\":\"https:\/\/homokvarazs.hu\/ujhonlap\/#website\",\"url\":\"https:\/\/homokvarazs.hu\/ujhonlap\/\",\"name\":\"Homokvar\\u00e1zs\",\"description\":\"Homokvar\\u00e1zs\",\"publisher\":{\"@id\":\"https:\/\/homokvarazs.hu\/ujhonlap\/#organization\"},\"potentialAction\":[{\"@type\":\"SearchAction\",\"target\":{\"@type\":\"EntryPoint\",\"urlTemplate\":\"https:\/\/homokvarazs.hu\/ujhonlap\/?s={search_term_string}\"},\"query-input\":\"required name=search_term_string\"}],\"inLanguage\":\"hu\"},{\"@type\":\"ImageObject\",\"@id\":\"https:\/\/homokvarazs.hu\/ujhonlap\/termek\/kacsa-ulo-2\/#primaryimage\",\"inLanguage\":\"hu\",\"url\":\"https:\/\/homokvarazs.hu\/ujhonlap\/wp-content\/uploads\/2021\/01\/23-Kacsa-ulo.jpg\",\"contentUrl\":\"https:\/\/homokvarazs.hu\/ujhonlap\/wp-content\/uploads\/2021\/01\/23-Kacsa-ulo.jpg\",\"width\":1780,\"height\":928},{\"@type\":\"WebPage\",\"@id\":\"https:\/\/homokvarazs.hu\/ujhonlap\/termek\/kacsa-ulo-2\/#webpage\",\"url\":\"https:\/\/homokvarazs.hu\/ujhonlap\/termek\/kacsa-ulo-2\/\",\"name\":\"Kacsa \\u0170l\\u0151 csomagolt &ndash; Homokvar\\u00e1zs\",\"isPartOf\":{\"@id\":\"https:\/\/homokvarazs.hu\/ujhonlap\/#website\"},\"primaryImageOfPage\":{\"@id\":\"https:\/\/homokvarazs.hu\/ujhonlap\/termek\/kacsa-ulo-2\/#primaryimage\"},\"datePublished\":\"2021-01-14T09:51:39+00:00\",\"dateModified\":\"2024-12-13T11:56:24+00:00\",\"breadcrumb\":{\"@id\":\"https:\/\/homokvarazs.hu\/ujhonlap\/termek\/kacsa-ulo-2\/#breadcrumb\"},\"inLanguage\":\"hu\",\"potentialAction\":[{\"@type\":\"ReadAction\",\"target\":[\"https:\/\/homokvarazs.hu\/ujhonlap\/termek\/kacsa-ulo-2\/\"]}]},{\"@type\":\"BreadcrumbList\",\"@id\":\"https:\/\/homokvarazs.hu\/ujhonlap\/termek\/kacsa-ulo-2\/#breadcrumb\",\"itemListElement\":[{\"@type\":\"ListItem\",\"position\":1,\"name\":\"Kezd\\u0151lap\",\"item\":\"https:\/\/homokvarazs.hu\/ujhonlap\/\"},{\"@type\":\"ListItem\",\"position\":2,\"name\":\"Shop\",\"item\":\"https:\/\/homokvarazs.hu\/ujhonlap\/shop\/\"},{\"@type\":\"ListItem\",\"position\":3,\"name\":\"Kacsa \\u0170l\\u0151 csomagolt\"}]}]}<\/script>\n<!-- \/ Yoast SEO plugin. -->","_links":{"self":[{"href":"https:\/\/homokvarazs.hu\/ujhonlap\/wp-json\/wp\/v2\/product\/2500"}],"collection":[{"href":"https:\/\/homokvarazs.hu\/ujhonlap\/wp-json\/wp\/v2\/product"}],"about":[{"href":"https:\/\/homokvarazs.hu\/ujhonlap\/wp-json\/wp\/v2\/types\/product"}],"wp:featuredmedia":[{"embeddable":true,"href":"https:\/\/homokvarazs.hu\/ujhonlap\/wp-json\/wp\/v2\/media\/2501"}],"wp:attachment":[{"href":"https:\/\/homokvarazs.hu\/ujhonlap\/wp-json\/wp\/v2\/media?parent=2500"}],"wp:term":[{"taxonomy":"product_cat","embeddable":true,"href":"https:\/\/homokvarazs.hu\/ujhonlap\/wp-json\/wp\/v2\/product_cat?post=2500"},{"taxonomy":"product_tag","embeddable":true,"href":"https:\/\/homokvarazs.hu\/ujhonlap\/wp-json\/wp\/v2\/product_tag?post=2500"}],"curies":[{"name":"wp","href":"https:\/\/api.w.org\/{rel}","templated":true}]}}