{"id":2043,"date":"2020-10-15T09:23:54","date_gmt":"2020-10-15T07:23:54","guid":{"rendered":"https:\/\/homokvarazs.hu\/ujhonlap\/?post_type=product&#038;p=2043"},"modified":"2024-12-13T13:40:41","modified_gmt":"2024-12-13T11:40:41","slug":"delfin-2","status":"publish","type":"product","link":"https:\/\/homokvarazs.hu\/ujhonlap\/termek\/delfin-2\/","title":{"rendered":"Delfin"},"content":{"rendered":"<p>Nagy m\u00e9ret\u0171 grafika, merev kartonlapon.<br \/>\nKis m\u00e9ret\u0171 k\u00e9peink darabonk\u00e9nt rendelhet\u0151ek.<br \/>\nHomokot nem tartalmaz.<br \/>\nM\u00e9retek:<br \/>\n24,5 cm x 34\u00a0cm<\/p>\n","protected":false},"excerpt":{"rendered":"<p>Nagy m\u00e9ret\u0171 grafika, merev kartonlapon. Kis m\u00e9ret\u0171 k\u00e9peink darabonk\u00e9nt rendelhet\u0151ek. Homokot nem tartalmaz. M\u00e9retek: 24,5 cm x 34\u00a0cm<\/p>\n","protected":false},"featured_media":2045,"template":"","meta":{"spay_email":""},"product_cat":[127],"product_tag":[],"yoast_head":"<!-- This site is optimized with the Yoast SEO plugin v16.6 - https:\/\/yoast.com\/wordpress\/plugins\/seo\/ -->\n<title>Delfin &ndash; Homokvar\u00e1zs<\/title>\n<meta name=\"robots\" content=\"index, follow, max-snippet:-1, max-image-preview:large, max-video-preview:-1\" \/>\n<link rel=\"canonical\" href=\"https:\/\/homokvarazs.hu\/ujhonlap\/termek\/delfin-2\/\" \/>\n<meta property=\"og:locale\" content=\"hu_HU\" \/>\n<meta property=\"og:type\" content=\"article\" \/>\n<meta property=\"og:title\" content=\"Delfin &ndash; Homokvar\u00e1zs\" \/>\n<meta property=\"og:description\" content=\"Nagy m\u00e9ret\u0171 grafika, merev kartonlapon. Kis m\u00e9ret\u0171 k\u00e9peink darabonk\u00e9nt rendelhet\u0151ek. Homokot nem tartalmaz. M\u00e9retek: 24,5 cm x 34\u00a0cm\" \/>\n<meta property=\"og:url\" content=\"https:\/\/homokvarazs.hu\/ujhonlap\/termek\/delfin-2\/\" \/>\n<meta property=\"og:site_name\" content=\"Homokvar\u00e1zs\" \/>\n<meta property=\"article:modified_time\" content=\"2024-12-13T11:40:41+00:00\" \/>\n<meta property=\"og:image\" content=\"https:\/\/homokvarazs.hu\/ujhonlap\/wp-content\/uploads\/2020\/10\/6f9828_29fc0bb8e26944f59b89531f22ac6b90mv2.jpg\" \/>\n\t<meta property=\"og:image:width\" content=\"900\" \/>\n\t<meta property=\"og:image:height\" content=\"690\" \/>\n<meta name=\"twitter:card\" content=\"summary_large_image\" \/>\n<script type=\"application\/ld+json\" class=\"yoast-schema-graph\">{\"@context\":\"https:\/\/schema.org\",\"@graph\":[{\"@type\":\"Organization\",\"@id\":\"https:\/\/homokvarazs.hu\/ujhonlap\/#organization\",\"name\":\"Homokvar\\u00e1zs\",\"url\":\"https:\/\/homokvarazs.hu\/ujhonlap\/\",\"sameAs\":[],\"logo\":{\"@type\":\"ImageObject\",\"@id\":\"https:\/\/homokvarazs.hu\/ujhonlap\/#logo\",\"inLanguage\":\"hu\",\"url\":\"https:\/\/homokvarazs.hu\/ujhonlap\/wp-content\/uploads\/2021\/01\/homokvarazs-21.png\",\"contentUrl\":\"https:\/\/homokvarazs.hu\/ujhonlap\/wp-content\/uploads\/2021\/01\/homokvarazs-21.png\",\"width\":583,\"height\":265,\"caption\":\"Homokvar\\u00e1zs\"},\"image\":{\"@id\":\"https:\/\/homokvarazs.hu\/ujhonlap\/#logo\"}},{\"@type\":\"WebSite\",\"@id\":\"https:\/\/homokvarazs.hu\/ujhonlap\/#website\",\"url\":\"https:\/\/homokvarazs.hu\/ujhonlap\/\",\"name\":\"Homokvar\\u00e1zs\",\"description\":\"Homokvar\\u00e1zs\",\"publisher\":{\"@id\":\"https:\/\/homokvarazs.hu\/ujhonlap\/#organization\"},\"potentialAction\":[{\"@type\":\"SearchAction\",\"target\":{\"@type\":\"EntryPoint\",\"urlTemplate\":\"https:\/\/homokvarazs.hu\/ujhonlap\/?s={search_term_string}\"},\"query-input\":\"required name=search_term_string\"}],\"inLanguage\":\"hu\"},{\"@type\":\"ImageObject\",\"@id\":\"https:\/\/homokvarazs.hu\/ujhonlap\/termek\/delfin-2\/#primaryimage\",\"inLanguage\":\"hu\",\"url\":\"https:\/\/homokvarazs.hu\/ujhonlap\/wp-content\/uploads\/2020\/10\/6f9828_29fc0bb8e26944f59b89531f22ac6b90mv2.jpg\",\"contentUrl\":\"https:\/\/homokvarazs.hu\/ujhonlap\/wp-content\/uploads\/2020\/10\/6f9828_29fc0bb8e26944f59b89531f22ac6b90mv2.jpg\",\"width\":900,\"height\":690},{\"@type\":\"WebPage\",\"@id\":\"https:\/\/homokvarazs.hu\/ujhonlap\/termek\/delfin-2\/#webpage\",\"url\":\"https:\/\/homokvarazs.hu\/ujhonlap\/termek\/delfin-2\/\",\"name\":\"Delfin &ndash; Homokvar\\u00e1zs\",\"isPartOf\":{\"@id\":\"https:\/\/homokvarazs.hu\/ujhonlap\/#website\"},\"primaryImageOfPage\":{\"@id\":\"https:\/\/homokvarazs.hu\/ujhonlap\/termek\/delfin-2\/#primaryimage\"},\"datePublished\":\"2020-10-15T07:23:54+00:00\",\"dateModified\":\"2024-12-13T11:40:41+00:00\",\"breadcrumb\":{\"@id\":\"https:\/\/homokvarazs.hu\/ujhonlap\/termek\/delfin-2\/#breadcrumb\"},\"inLanguage\":\"hu\",\"potentialAction\":[{\"@type\":\"ReadAction\",\"target\":[\"https:\/\/homokvarazs.hu\/ujhonlap\/termek\/delfin-2\/\"]}]},{\"@type\":\"BreadcrumbList\",\"@id\":\"https:\/\/homokvarazs.hu\/ujhonlap\/termek\/delfin-2\/#breadcrumb\",\"itemListElement\":[{\"@type\":\"ListItem\",\"position\":1,\"name\":\"Kezd\\u0151lap\",\"item\":\"https:\/\/homokvarazs.hu\/ujhonlap\/\"},{\"@type\":\"ListItem\",\"position\":2,\"name\":\"Shop\",\"item\":\"https:\/\/homokvarazs.hu\/ujhonlap\/shop\/\"},{\"@type\":\"ListItem\",\"position\":3,\"name\":\"Delfin\"}]}]}<\/script>\n<!-- \/ Yoast SEO plugin. -->","_links":{"self":[{"href":"https:\/\/homokvarazs.hu\/ujhonlap\/wp-json\/wp\/v2\/product\/2043"}],"collection":[{"href":"https:\/\/homokvarazs.hu\/ujhonlap\/wp-json\/wp\/v2\/product"}],"about":[{"href":"https:\/\/homokvarazs.hu\/ujhonlap\/wp-json\/wp\/v2\/types\/product"}],"wp:featuredmedia":[{"embeddable":true,"href":"https:\/\/homokvarazs.hu\/ujhonlap\/wp-json\/wp\/v2\/media\/2045"}],"wp:attachment":[{"href":"https:\/\/homokvarazs.hu\/ujhonlap\/wp-json\/wp\/v2\/media?parent=2043"}],"wp:term":[{"taxonomy":"product_cat","embeddable":true,"href":"https:\/\/homokvarazs.hu\/ujhonlap\/wp-json\/wp\/v2\/product_cat?post=2043"},{"taxonomy":"product_tag","embeddable":true,"href":"https:\/\/homokvarazs.hu\/ujhonlap\/wp-json\/wp\/v2\/product_tag?post=2043"}],"curies":[{"name":"wp","href":"https:\/\/api.w.org\/{rel}","templated":true}]}}