{"id":1943,"date":"2020-09-24T08:29:16","date_gmt":"2020-09-24T06:29:16","guid":{"rendered":"https:\/\/homokvarazs.hu\/ujhonlap\/?post_type=product&#038;p=1943"},"modified":"2024-12-13T13:42:43","modified_gmt":"2024-12-13T11:42:43","slug":"zold-homok-1-kg","status":"publish","type":"product","link":"https:\/\/homokvarazs.hu\/ujhonlap\/termek\/zold-homok-1-kg\/","title":{"rendered":"Z\u00f6ld homok, 1 kg"},"content":{"rendered":"<p>Z\u00f6ld homok, 1 kg-os kiszerel\u00e9sben.<\/p>\n","protected":false},"excerpt":{"rendered":"<p>Z\u00f6ld homok, 1 kg-os kiszerel\u00e9sben.<\/p>\n","protected":false},"featured_media":1944,"template":"","meta":{"spay_email":""},"product_cat":[131],"product_tag":[],"yoast_head":"<!-- This site is optimized with the Yoast SEO plugin v16.6 - https:\/\/yoast.com\/wordpress\/plugins\/seo\/ -->\n<title>Z\u00f6ld homok, 1 kg &ndash; Homokvar\u00e1zs<\/title>\n<meta name=\"robots\" content=\"index, follow, max-snippet:-1, max-image-preview:large, max-video-preview:-1\" \/>\n<link rel=\"canonical\" href=\"https:\/\/homokvarazs.hu\/ujhonlap\/termek\/zold-homok-1-kg\/\" \/>\n<meta property=\"og:locale\" content=\"hu_HU\" \/>\n<meta property=\"og:type\" content=\"article\" \/>\n<meta property=\"og:title\" content=\"Z\u00f6ld homok, 1 kg &ndash; Homokvar\u00e1zs\" \/>\n<meta property=\"og:description\" content=\"Z\u00f6ld homok, 1 kg-os kiszerel\u00e9sben.\" \/>\n<meta property=\"og:url\" content=\"https:\/\/homokvarazs.hu\/ujhonlap\/termek\/zold-homok-1-kg\/\" \/>\n<meta property=\"og:site_name\" content=\"Homokvar\u00e1zs\" \/>\n<meta property=\"article:modified_time\" content=\"2024-12-13T11:42:43+00:00\" \/>\n<meta property=\"og:image\" content=\"https:\/\/homokvarazs.hu\/ujhonlap\/wp-content\/uploads\/2020\/09\/6f9828_0d4d657a60b64e9e86609eac9e327bddmv2_d_3168_1782_s_2.jpg\" \/>\n\t<meta property=\"og:image:width\" content=\"1960\" \/>\n\t<meta property=\"og:image:height\" content=\"1102\" \/>\n<meta name=\"twitter:card\" content=\"summary_large_image\" \/>\n<script type=\"application\/ld+json\" class=\"yoast-schema-graph\">{\"@context\":\"https:\/\/schema.org\",\"@graph\":[{\"@type\":\"Organization\",\"@id\":\"https:\/\/homokvarazs.hu\/ujhonlap\/#organization\",\"name\":\"Homokvar\\u00e1zs\",\"url\":\"https:\/\/homokvarazs.hu\/ujhonlap\/\",\"sameAs\":[],\"logo\":{\"@type\":\"ImageObject\",\"@id\":\"https:\/\/homokvarazs.hu\/ujhonlap\/#logo\",\"inLanguage\":\"hu\",\"url\":\"https:\/\/homokvarazs.hu\/ujhonlap\/wp-content\/uploads\/2021\/01\/homokvarazs-21.png\",\"contentUrl\":\"https:\/\/homokvarazs.hu\/ujhonlap\/wp-content\/uploads\/2021\/01\/homokvarazs-21.png\",\"width\":583,\"height\":265,\"caption\":\"Homokvar\\u00e1zs\"},\"image\":{\"@id\":\"https:\/\/homokvarazs.hu\/ujhonlap\/#logo\"}},{\"@type\":\"WebSite\",\"@id\":\"https:\/\/homokvarazs.hu\/ujhonlap\/#website\",\"url\":\"https:\/\/homokvarazs.hu\/ujhonlap\/\",\"name\":\"Homokvar\\u00e1zs\",\"description\":\"Homokvar\\u00e1zs\",\"publisher\":{\"@id\":\"https:\/\/homokvarazs.hu\/ujhonlap\/#organization\"},\"potentialAction\":[{\"@type\":\"SearchAction\",\"target\":{\"@type\":\"EntryPoint\",\"urlTemplate\":\"https:\/\/homokvarazs.hu\/ujhonlap\/?s={search_term_string}\"},\"query-input\":\"required name=search_term_string\"}],\"inLanguage\":\"hu\"},{\"@type\":\"ImageObject\",\"@id\":\"https:\/\/homokvarazs.hu\/ujhonlap\/termek\/zold-homok-1-kg\/#primaryimage\",\"inLanguage\":\"hu\",\"url\":\"https:\/\/homokvarazs.hu\/ujhonlap\/wp-content\/uploads\/2020\/09\/6f9828_0d4d657a60b64e9e86609eac9e327bddmv2_d_3168_1782_s_2.jpg\",\"contentUrl\":\"https:\/\/homokvarazs.hu\/ujhonlap\/wp-content\/uploads\/2020\/09\/6f9828_0d4d657a60b64e9e86609eac9e327bddmv2_d_3168_1782_s_2.jpg\",\"width\":1960,\"height\":1102},{\"@type\":\"WebPage\",\"@id\":\"https:\/\/homokvarazs.hu\/ujhonlap\/termek\/zold-homok-1-kg\/#webpage\",\"url\":\"https:\/\/homokvarazs.hu\/ujhonlap\/termek\/zold-homok-1-kg\/\",\"name\":\"Z\\u00f6ld homok, 1 kg &ndash; Homokvar\\u00e1zs\",\"isPartOf\":{\"@id\":\"https:\/\/homokvarazs.hu\/ujhonlap\/#website\"},\"primaryImageOfPage\":{\"@id\":\"https:\/\/homokvarazs.hu\/ujhonlap\/termek\/zold-homok-1-kg\/#primaryimage\"},\"datePublished\":\"2020-09-24T06:29:16+00:00\",\"dateModified\":\"2024-12-13T11:42:43+00:00\",\"breadcrumb\":{\"@id\":\"https:\/\/homokvarazs.hu\/ujhonlap\/termek\/zold-homok-1-kg\/#breadcrumb\"},\"inLanguage\":\"hu\",\"potentialAction\":[{\"@type\":\"ReadAction\",\"target\":[\"https:\/\/homokvarazs.hu\/ujhonlap\/termek\/zold-homok-1-kg\/\"]}]},{\"@type\":\"BreadcrumbList\",\"@id\":\"https:\/\/homokvarazs.hu\/ujhonlap\/termek\/zold-homok-1-kg\/#breadcrumb\",\"itemListElement\":[{\"@type\":\"ListItem\",\"position\":1,\"name\":\"Kezd\\u0151lap\",\"item\":\"https:\/\/homokvarazs.hu\/ujhonlap\/\"},{\"@type\":\"ListItem\",\"position\":2,\"name\":\"Shop\",\"item\":\"https:\/\/homokvarazs.hu\/ujhonlap\/shop\/\"},{\"@type\":\"ListItem\",\"position\":3,\"name\":\"Z\\u00f6ld homok, 1 kg\"}]}]}<\/script>\n<!-- \/ Yoast SEO plugin. -->","_links":{"self":[{"href":"https:\/\/homokvarazs.hu\/ujhonlap\/wp-json\/wp\/v2\/product\/1943"}],"collection":[{"href":"https:\/\/homokvarazs.hu\/ujhonlap\/wp-json\/wp\/v2\/product"}],"about":[{"href":"https:\/\/homokvarazs.hu\/ujhonlap\/wp-json\/wp\/v2\/types\/product"}],"wp:featuredmedia":[{"embeddable":true,"href":"https:\/\/homokvarazs.hu\/ujhonlap\/wp-json\/wp\/v2\/media\/1944"}],"wp:attachment":[{"href":"https:\/\/homokvarazs.hu\/ujhonlap\/wp-json\/wp\/v2\/media?parent=1943"}],"wp:term":[{"taxonomy":"product_cat","embeddable":true,"href":"https:\/\/homokvarazs.hu\/ujhonlap\/wp-json\/wp\/v2\/product_cat?post=1943"},{"taxonomy":"product_tag","embeddable":true,"href":"https:\/\/homokvarazs.hu\/ujhonlap\/wp-json\/wp\/v2\/product_tag?post=1943"}],"curies":[{"name":"wp","href":"https:\/\/api.w.org\/{rel}","templated":true}]}}