{"id":1216,"date":"2019-06-14T12:09:25","date_gmt":"2019-06-14T12:09:25","guid":{"rendered":"https:\/\/kapee.presslayouts.com\/dummy\/?page_id=1216"},"modified":"2021-06-29T15:36:09","modified_gmt":"2021-06-29T13:36:09","slug":"homokvarazs-kreativ-jatek-homokkep","status":"publish","type":"page","link":"https:\/\/homokvarazs.hu\/ujhonlap\/","title":{"rendered":"Homokvar\u00e1zs &#8211; kreat\u00edv j\u00e1t\u00e9k, homokk\u00e9p"},"content":{"rendered":"<p>[vc_row css=&#8221;.vc_custom_1561381417711{margin-top: -38px !important;}&#8221;][vc_column width=&#8221;1\/2&#8243; offset=&#8221;vc_col-lg-3 vc_col-md-3 vc_hidden-sm vc_hidden-xs&#8221;]<div class=\"kapee-element kapee-vertical-categories  vc_custom_1611170879697\">\n\t<div class=\"categories-menu-wrapper\">\n\t\t<div class=\"categories-menu-title\">\n\t\t\t<span class=\"title\">Kateg\u00f3ri\u00e1k<\/span>\n\t\t<\/div>\n\t\t<div class=\"categories-menu kapee-navigation\"><ul id=\"menu-categories-menu\" class=\"menu\"><li id=\"menu-item-1868\" class=\"menu-item menu-item-type-custom menu-item-object-custom menu-item-1868 item-level-0\"><a href=\"https:\/\/homokvarazs.hu\/ujhonlap\/shop\/?filters=product_cat%5B126%5D\" class=\"nav-link\"><span>KIS K\u00c9P<\/span><\/a><\/li>\n<li id=\"menu-item-1869\" class=\"menu-item menu-item-type-custom menu-item-object-custom menu-item-1869 item-level-0\"><a href=\"https:\/\/homokvarazs.hu\/ujhonlap\/shop\/?product-category=nagy-kep\" class=\"nav-link\"><span>NAGY K\u00c9P<\/span><\/a><\/li>\n<li id=\"menu-item-1872\" class=\"menu-item menu-item-type-custom menu-item-object-custom menu-item-1872 item-level-0\"><a href=\"https:\/\/homokvarazs.hu\/ujhonlap\/shop\/?product-category=kis-kep-keszletben\" class=\"nav-link\"><span>KIS K\u00c9SZLET<\/span><\/a><\/li>\n<li id=\"menu-item-2415\" class=\"menu-item menu-item-type-custom menu-item-object-custom menu-item-2415 item-level-0\"><a href=\"https:\/\/homokvarazs.hu\/ujhonlap\/shop\/?product-category=nagy-kep-keszletben\" class=\"nav-link\"><span>NAGY K\u00c9SZLET<\/span><\/a><\/li>\n<li id=\"menu-item-1873\" class=\"menu-item menu-item-type-custom menu-item-object-custom menu-item-1873 item-level-0\"><a href=\"https:\/\/homokvarazs.hu\/ujhonlap\/shop\/?product-category=homok\" class=\"nav-link\"><span>HOMOK<\/span><\/a><\/li>\n<li id=\"menu-item-1870\" class=\"menu-item menu-item-type-custom menu-item-object-custom menu-item-1870 item-level-0\"><a href=\"https:\/\/homokvarazs.hu\/ujhonlap\/shop\/?product-category=kepkeret\" class=\"nav-link\"><span>K\u00c9PKERET<\/span><\/a><\/li>\n<li id=\"menu-item-1871\" class=\"menu-item menu-item-type-custom menu-item-object-custom menu-item-1871 item-level-0\"><a href=\"https:\/\/homokvarazs.hu\/ujhonlap\/shop\/?product-category=muanyag-edenyek\" class=\"nav-link\"><span>ED\u00c9NYK\u00c9SZLET<\/span><\/a><\/li>\n<li id=\"menu-item-1874\" class=\"menu-item menu-item-type-custom menu-item-object-custom menu-item-1874 item-level-0\"><a href=\"https:\/\/homokvarazs.hu\/ujhonlap\/shop\/?product-category=allvanyrendszerek\" class=\"nav-link\"><span>\u00c1LLV\u00c1NYRENDSZER<\/span><\/a><\/li>\n<\/ul><\/div>\t<\/div>\n<\/div>[vc_column_text]<\/p>\n<p class=\"rtecenter\" style=\"text-align: justify;\">Gy\u00f6ny\u00f6r\u0171 homokk\u00e9peket k\u00e9sz\u00edthetsz ezzel a kreat\u00edv j\u00e1t\u00e9kkal.<\/p>\n<p class=\"rtecenter\" style=\"text-align: justify;\">Az alapk\u00e9p kont\u00farvonalai, valamint az azok melletti ter\u00fcletek felszedhet\u0151ek. Az elt\u00e1vol\u00edtott r\u00e9szek alatt ragacsos fel\u00fclet tal\u00e1lhat\u00f3, amit az \u00e1ltalad v\u00e1lasztott sz\u00edn\u0171 homokkal sz\u00f3rj be!<\/p>\n<p class=\"rtecenter\" style=\"text-align: justify;\">A m\u0171veletet addig folytasd, am\u00edg az \u00f6sszes ter\u00fcletet be nem sz\u00ednezted!<\/p>\n<p class=\"rtecenter\" style=\"text-align: justify;\">Ha el\u00e9g \u00fcgyes vagy, b\u00e1mulatos sz\u00edn\u0171 \u00e1tmeneteket k\u00e9sz\u00edthetsz!<\/p>\n<p>[\/vc_column_text][\/vc_column][vc_column width=&#8221;1\/2&#8243; hide_bg_mobile=&#8221;&#8221; hide_bg_tablet=&#8221;&#8221; offset=&#8221;vc_col-lg-9 vc_col-md-9&#8243; css=&#8221;.vc_custom_1611170467584{margin: 0px !important;padding: 0px !important;border: 0px initial !important;}&#8221;][vc_custom_heading text=&#8221;Homokvar\u00e1zs &#8211; a kreat\u00edv j\u00e1t\u00e9k Magyarorsz\u00e1gr\u00f3l&#8221; font_container=&#8221;tag:h1|font_size:35|text_align:center&#8221; google_fonts=&#8221;font_family:Italiana%3Aregular|font_style:400%20regular%3A400%3Anormal&#8221; css=&#8221;.vc_custom_1623230485980{margin-top: 0px !important;border-top-width: 0px !important;padding-top: 0px !important;}&#8221;][vc_row_inner equal_height=&#8221;yes&#8221; content_placement=&#8221;middle&#8221; css=&#8221;.vc_custom_1623230616937{margin-top: -25px !important;margin-right: 0px !important;margin-bottom: 0px !important;margin-left: 0px !important;padding-top: 0px !important;padding-right: 0px !important;padding-bottom: 0px !important;padding-left: 0px !important;}&#8221;][vc_column_inner width=&#8221;7\/12&#8243;][vc_single_image image=&#8221;2742&#8243; img_size=&#8221;full&#8221; css=&#8221;.vc_custom_1622642281236{margin-top: 10px !important;margin-right: 0px !important;margin-bottom: 0px !important;margin-left: -25px !important;padding-top: 0px !important;padding-right: 0px !important;padding-bottom: 0px !important;padding-left: 0px !important;}&#8221;][\/vc_column_inner][vc_column_inner width=&#8221;5\/12&#8243; kapee_text_align=&#8221;center&#8221; css=&#8221;.vc_custom_1611170752928{margin: 0px !important;padding: 0px !important;border: 0px initial !important;}&#8221;][vc_single_image image=&#8221;2573&#8243; img_size=&#8221;full&#8221; alignment=&#8221;right&#8221; onclick=&#8221;custom_link&#8221; img_link_target=&#8221;_blank&#8221; link=&#8221;https:\/\/youtube.com\/watch?v=_WABGQd_uBo&#8221; css=&#8221;.vc_custom_1611743286326{margin-top: 0px !important;margin-right: 0px !important;margin-bottom: 0px !important;margin-left: 0px !important;border-right-width: 0px !important;border-left-width: 0px !important;padding-right: 0px !important;padding-left: 0px !important;}&#8221;][\/vc_column_inner][\/vc_row_inner][vc_row_inner][vc_column_inner][vc_single_image image=&#8221;2815&#8243; img_size=&#8221;large&#8221; alignment=&#8221;center&#8221;][\/vc_column_inner][\/vc_row_inner][\/vc_column][\/vc_row]<\/p>\n","protected":false},"excerpt":{"rendered":"<p>[vc_row css=&#8221;.vc_custom_1561381417711{margin-top: -38px !important;}&#8221;][vc_column width=&#8221;1\/2&#8243; offset=&#8221;vc_col-lg-3 vc_col-md-3 vc_hidden-sm vc_hidden-xs&#8221;][vc_column_text] Gy\u00f6ny\u00f6r\u0171 homokk\u00e9peket k\u00e9sz\u00edthetsz ezzel a kreat\u00edv j\u00e1t\u00e9kkal. Az alapk\u00e9p kont\u00farvonalai, valamint az azok melletti ter\u00fcletek felszedhet\u0151ek. Az elt\u00e1vol\u00edtott r\u00e9szek alatt ragacsos<\/p>\n","protected":false},"author":1,"featured_media":1814,"parent":0,"menu_order":0,"comment_status":"closed","ping_status":"closed","template":"","meta":{"spay_email":""},"yoast_head":"<!-- This site is optimized with the Yoast SEO plugin v16.6 - https:\/\/yoast.com\/wordpress\/plugins\/seo\/ -->\n<title>Homokvar\u00e1zs - kreat\u00edv j\u00e1t\u00e9k, homokk\u00e9p<\/title>\n<meta name=\"description\" content=\"Kreat\u00edv j\u00e1t\u00e9k Magyarorsz\u00e1gr\u00f3l: homokk\u00e9p k\u00e9sz\u00edt\u00e9s egyszer\u0171en. Legy\u00e9l kreat\u00edv, gy\u00f6ny\u00f6r\u0171 Homokvar\u00e1zs k\u00e9peket k\u00e9sz\u00edthetsz! V\u00e1s\u00e1rl\u00e1s egyszer\u0171en.\" \/>\n<meta name=\"robots\" content=\"index, follow, max-snippet:-1, max-image-preview:large, max-video-preview:-1\" \/>\n<link rel=\"canonical\" href=\"https:\/\/homokvarazs.hu\/ujhonlap\/\" \/>\n<meta property=\"og:locale\" content=\"hu_HU\" \/>\n<meta property=\"og:type\" content=\"article\" \/>\n<meta property=\"og:title\" content=\"Homokvar\u00e1zs - kreat\u00edv j\u00e1t\u00e9k, homokk\u00e9p\" \/>\n<meta property=\"og:description\" content=\"Kreat\u00edv j\u00e1t\u00e9k Magyarorsz\u00e1gr\u00f3l: homokk\u00e9p k\u00e9sz\u00edt\u00e9s egyszer\u0171en. Legy\u00e9l kreat\u00edv, gy\u00f6ny\u00f6r\u0171 Homokvar\u00e1zs k\u00e9peket k\u00e9sz\u00edthetsz! V\u00e1s\u00e1rl\u00e1s egyszer\u0171en.\" \/>\n<meta property=\"og:url\" content=\"https:\/\/homokvarazs.hu\/ujhonlap\/\" \/>\n<meta property=\"og:site_name\" content=\"Homokvar\u00e1zs\" \/>\n<meta property=\"article:modified_time\" content=\"2021-06-29T13:36:09+00:00\" \/>\n<meta property=\"og:image\" content=\"https:\/\/homokvarazs.hu\/ujhonlap\/wp-content\/uploads\/2019\/10\/logo.png\" \/>\n\t<meta property=\"og:image:width\" content=\"124\" \/>\n\t<meta property=\"og:image:height\" content=\"48\" \/>\n<meta name=\"twitter:card\" content=\"summary_large_image\" \/>\n<meta name=\"twitter:label1\" content=\"Becs\u00fclt olvas\u00e1si id\u0151\" \/>\n\t<meta name=\"twitter:data1\" content=\"2 perc\" \/>\n<script type=\"application\/ld+json\" class=\"yoast-schema-graph\">{\"@context\":\"https:\/\/schema.org\",\"@graph\":[{\"@type\":\"Organization\",\"@id\":\"https:\/\/homokvarazs.hu\/ujhonlap\/#organization\",\"name\":\"Homokvar\\u00e1zs\",\"url\":\"https:\/\/homokvarazs.hu\/ujhonlap\/\",\"sameAs\":[],\"logo\":{\"@type\":\"ImageObject\",\"@id\":\"https:\/\/homokvarazs.hu\/ujhonlap\/#logo\",\"inLanguage\":\"hu\",\"url\":\"https:\/\/homokvarazs.hu\/ujhonlap\/wp-content\/uploads\/2021\/01\/homokvarazs-21.png\",\"contentUrl\":\"https:\/\/homokvarazs.hu\/ujhonlap\/wp-content\/uploads\/2021\/01\/homokvarazs-21.png\",\"width\":583,\"height\":265,\"caption\":\"Homokvar\\u00e1zs\"},\"image\":{\"@id\":\"https:\/\/homokvarazs.hu\/ujhonlap\/#logo\"}},{\"@type\":\"WebSite\",\"@id\":\"https:\/\/homokvarazs.hu\/ujhonlap\/#website\",\"url\":\"https:\/\/homokvarazs.hu\/ujhonlap\/\",\"name\":\"Homokvar\\u00e1zs\",\"description\":\"Homokvar\\u00e1zs\",\"publisher\":{\"@id\":\"https:\/\/homokvarazs.hu\/ujhonlap\/#organization\"},\"potentialAction\":[{\"@type\":\"SearchAction\",\"target\":{\"@type\":\"EntryPoint\",\"urlTemplate\":\"https:\/\/homokvarazs.hu\/ujhonlap\/?s={search_term_string}\"},\"query-input\":\"required name=search_term_string\"}],\"inLanguage\":\"hu\"},{\"@type\":\"ImageObject\",\"@id\":\"https:\/\/homokvarazs.hu\/ujhonlap\/#primaryimage\",\"inLanguage\":\"hu\",\"url\":\"https:\/\/homokvarazs.hu\/ujhonlap\/wp-content\/uploads\/2019\/10\/logo.png\",\"contentUrl\":\"https:\/\/homokvarazs.hu\/ujhonlap\/wp-content\/uploads\/2019\/10\/logo.png\",\"width\":124,\"height\":48},{\"@type\":\"WebPage\",\"@id\":\"https:\/\/homokvarazs.hu\/ujhonlap\/#webpage\",\"url\":\"https:\/\/homokvarazs.hu\/ujhonlap\/\",\"name\":\"Homokvar\\u00e1zs - kreat\\u00edv j\\u00e1t\\u00e9k, homokk\\u00e9p\",\"isPartOf\":{\"@id\":\"https:\/\/homokvarazs.hu\/ujhonlap\/#website\"},\"primaryImageOfPage\":{\"@id\":\"https:\/\/homokvarazs.hu\/ujhonlap\/#primaryimage\"},\"datePublished\":\"2019-06-14T12:09:25+00:00\",\"dateModified\":\"2021-06-29T13:36:09+00:00\",\"description\":\"Kreat\\u00edv j\\u00e1t\\u00e9k Magyarorsz\\u00e1gr\\u00f3l: homokk\\u00e9p k\\u00e9sz\\u00edt\\u00e9s egyszer\\u0171en. Legy\\u00e9l kreat\\u00edv, gy\\u00f6ny\\u00f6r\\u0171 Homokvar\\u00e1zs k\\u00e9peket k\\u00e9sz\\u00edthetsz! V\\u00e1s\\u00e1rl\\u00e1s egyszer\\u0171en.\",\"breadcrumb\":{\"@id\":\"https:\/\/homokvarazs.hu\/ujhonlap\/#breadcrumb\"},\"inLanguage\":\"hu\",\"potentialAction\":[{\"@type\":\"ReadAction\",\"target\":[\"https:\/\/homokvarazs.hu\/ujhonlap\/\"]}]},{\"@type\":\"BreadcrumbList\",\"@id\":\"https:\/\/homokvarazs.hu\/ujhonlap\/#breadcrumb\",\"itemListElement\":[{\"@type\":\"ListItem\",\"position\":1,\"name\":\"Kezd\\u0151lap\",\"item\":\"https:\/\/homokvarazs.hu\/ujhonlap\/\"},{\"@type\":\"ListItem\",\"position\":2,\"name\":\"Homokvar\\u00e1zs &#8211; kreat\\u00edv j\\u00e1t\\u00e9k, homokk\\u00e9p\"}]}]}<\/script>\n<!-- \/ Yoast SEO plugin. -->","_links":{"self":[{"href":"https:\/\/homokvarazs.hu\/ujhonlap\/wp-json\/wp\/v2\/pages\/1216"}],"collection":[{"href":"https:\/\/homokvarazs.hu\/ujhonlap\/wp-json\/wp\/v2\/pages"}],"about":[{"href":"https:\/\/homokvarazs.hu\/ujhonlap\/wp-json\/wp\/v2\/types\/page"}],"author":[{"embeddable":true,"href":"https:\/\/homokvarazs.hu\/ujhonlap\/wp-json\/wp\/v2\/users\/1"}],"replies":[{"embeddable":true,"href":"https:\/\/homokvarazs.hu\/ujhonlap\/wp-json\/wp\/v2\/comments?post=1216"}],"version-history":[{"count":44,"href":"https:\/\/homokvarazs.hu\/ujhonlap\/wp-json\/wp\/v2\/pages\/1216\/revisions"}],"predecessor-version":[{"id":2864,"href":"https:\/\/homokvarazs.hu\/ujhonlap\/wp-json\/wp\/v2\/pages\/1216\/revisions\/2864"}],"wp:featuredmedia":[{"embeddable":true,"href":"https:\/\/homokvarazs.hu\/ujhonlap\/wp-json\/wp\/v2\/media\/1814"}],"wp:attachment":[{"href":"https:\/\/homokvarazs.hu\/ujhonlap\/wp-json\/wp\/v2\/media?parent=1216"}],"curies":[{"name":"wp","href":"https:\/\/api.w.org\/{rel}","templated":true}]}}